{"id":236,"date":"2022-02-23T07:32:58","date_gmt":"2022-02-23T07:32:58","guid":{"rendered":"http:\/\/lubadent.com\/?page_id=236"},"modified":"2022-02-24T05:18:10","modified_gmt":"2022-02-24T05:18:10","slug":"quienes-somos","status":"publish","type":"page","link":"https:\/\/lubadent.com\/index.php\/quienes-somos\/","title":{"rendered":"Quienes Somos"},"content":{"rendered":"\t\t<div data-elementor-type=\"wp-page\" data-elementor-id=\"236\" class=\"elementor elementor-236\" data-elementor-settings=\"[]\">\n\t\t\t\t\t\t\t<div class=\"elementor-section-wrap\">\n\t\t\t\t\t\t\t<section class=\"elementor-section elementor-top-section elementor-element elementor-element-3c2b5b2 elementor-section-boxed elementor-section-height-default elementor-section-height-default\" data-id=\"3c2b5b2\" data-element_type=\"section\">\n\t\t\t\t\t\t<div class=\"elementor-container elementor-column-gap-default\">\n\t\t\t\t\t<div class=\"elementor-column elementor-col-100 elementor-top-column elementor-element elementor-element-b7f3d19\" data-id=\"b7f3d19\" data-element_type=\"column\">\n\t\t\t<div class=\"elementor-widget-wrap elementor-element-populated\">\n\t\t\t\t\t\t\t\t<div class=\"elementor-element elementor-element-00d94ef elementor-widget elementor-widget-spacer\" data-id=\"00d94ef\" data-element_type=\"widget\" data-widget_type=\"spacer.default\">\n\t\t\t\t<div class=\"elementor-widget-container\">\n\t\t\t\t\t<div class=\"elementor-spacer\">\n\t\t\t<div class=\"elementor-spacer-inner\"><\/div>\n\t\t<\/div>\n\t\t\t\t<\/div>\n\t\t\t\t<\/div>\n\t\t\t\t\t<\/div>\n\t\t<\/div>\n\t\t\t\t\t\t\t<\/div>\n\t\t<\/section>\n\t\t\t\t<section class=\"elementor-section elementor-top-section elementor-element elementor-element-61a692f elementor-section-boxed elementor-section-height-default elementor-section-height-default\" data-id=\"61a692f\" data-element_type=\"section\">\n\t\t\t\t\t\t<div class=\"elementor-container elementor-column-gap-wider\">\n\t\t\t\t\t<div class=\"elementor-column elementor-col-50 elementor-top-column elementor-element elementor-element-eaef6f9\" data-id=\"eaef6f9\" data-element_type=\"column\">\n\t\t\t<div class=\"elementor-widget-wrap elementor-element-populated\">\n\t\t\t\t\t\t\t\t<div class=\"elementor-element elementor-element-5f438e6 elementor-widget elementor-widget-image\" data-id=\"5f438e6\" data-element_type=\"widget\" data-widget_type=\"image.default\">\n\t\t\t\t<div class=\"elementor-widget-container\">\n\t\t\t<style>\/*! elementor - v3.5.5 - 03-02-2022 *\/\n.elementor-widget-image{text-align:center}.elementor-widget-image a{display:inline-block}.elementor-widget-image a img[src$=\".svg\"]{width:48px}.elementor-widget-image img{vertical-align:middle;display:inline-block}<\/style>\t\t\t\t\t\t\t\t\t\t\t\t<img width=\"800\" height=\"800\" src=\"https:\/\/lubadent.com\/wp-content\/uploads\/2022\/02\/preguntas-frecuentes-14-1024x1024.png\" class=\"attachment-large size-large\" alt=\"\" loading=\"lazy\" srcset=\"https:\/\/lubadent.com\/wp-content\/uploads\/2022\/02\/preguntas-frecuentes-14-1024x1024.png 1024w, https:\/\/lubadent.com\/wp-content\/uploads\/2022\/02\/preguntas-frecuentes-14-300x300.png 300w, https:\/\/lubadent.com\/wp-content\/uploads\/2022\/02\/preguntas-frecuentes-14-150x150.png 150w, https:\/\/lubadent.com\/wp-content\/uploads\/2022\/02\/preguntas-frecuentes-14-768x768.png 768w, https:\/\/lubadent.com\/wp-content\/uploads\/2022\/02\/preguntas-frecuentes-14-1536x1536.png 1536w, https:\/\/lubadent.com\/wp-content\/uploads\/2022\/02\/preguntas-frecuentes-14.png 1555w\" sizes=\"(max-width: 800px) 100vw, 800px\" \/>\t\t\t\t\t\t\t\t\t\t\t\t\t\t\t<\/div>\n\t\t\t\t<\/div>\n\t\t\t\t\t<\/div>\n\t\t<\/div>\n\t\t\t\t<div class=\"elementor-column elementor-col-50 elementor-top-column elementor-element elementor-element-47889f9\" data-id=\"47889f9\" data-element_type=\"column\">\n\t\t\t<div class=\"elementor-widget-wrap elementor-element-populated\">\n\t\t\t\t\t\t\t\t<div class=\"elementor-element elementor-element-a137425 elementor-widget elementor-widget-spacer\" data-id=\"a137425\" data-element_type=\"widget\" data-widget_type=\"spacer.default\">\n\t\t\t\t<div class=\"elementor-widget-container\">\n\t\t\t\t\t<div class=\"elementor-spacer\">\n\t\t\t<div class=\"elementor-spacer-inner\"><\/div>\n\t\t<\/div>\n\t\t\t\t<\/div>\n\t\t\t\t<\/div>\n\t\t\t\t<div class=\"elementor-element elementor-element-f46b08c elementor-widget elementor-widget-text-editor\" data-id=\"f46b08c\" data-element_type=\"widget\" data-widget_type=\"text-editor.default\">\n\t\t\t\t<div class=\"elementor-widget-container\">\n\t\t\t<style>\/*! elementor - v3.5.5 - 03-02-2022 *\/\n.elementor-widget-text-editor.elementor-drop-cap-view-stacked .elementor-drop-cap{background-color:#818a91;color:#fff}.elementor-widget-text-editor.elementor-drop-cap-view-framed .elementor-drop-cap{color:#818a91;border:3px solid;background-color:transparent}.elementor-widget-text-editor:not(.elementor-drop-cap-view-default) .elementor-drop-cap{margin-top:8px}.elementor-widget-text-editor:not(.elementor-drop-cap-view-default) .elementor-drop-cap-letter{width:1em;height:1em}.elementor-widget-text-editor .elementor-drop-cap{float:left;text-align:center;line-height:1;font-size:50px}.elementor-widget-text-editor .elementor-drop-cap-letter{display:inline-block}<\/style>\t\t\t\t<p><b><strong><em>QUIENES SOMOS ?<\/em><\/strong><\/b><\/p>\t\t\t\t\t\t<\/div>\n\t\t\t\t<\/div>\n\t\t\t\t<div class=\"elementor-element elementor-element-61c3a2b elementor-widget elementor-widget-text-editor\" data-id=\"61c3a2b\" data-element_type=\"widget\" data-widget_type=\"text-editor.default\">\n\t\t\t\t<div class=\"elementor-widget-container\">\n\t\t\t\t\t\t\t<p style=\"font-weight: 300;\"><b><strong>LUBA DENTO SMILE<\/strong><\/b>, es un Centro de Especialidades Odontol\u00f3gicas, en donde estamos seguros que el mejor tratamiento que se puede ofrecer, conjuga con s\u00f3lidos conocimientos, sentido de la est\u00e9tica y calidez humana. Siendo nuestro compromiso hacer sonre\u00edr a todos nuestros pacientes. Para ello contamos con un equipo de especialistas con s\u00f3lida formaci\u00f3n profesional, pero principalmente, con alta motivaci\u00f3n por hacer de todo tratamiento, un exitoso logro de sonrisa para toda la vida.<\/p>\t\t\t\t\t\t<\/div>\n\t\t\t\t<\/div>\n\t\t\t\t\t<\/div>\n\t\t<\/div>\n\t\t\t\t\t\t\t<\/div>\n\t\t<\/section>\n\t\t\t\t<section class=\"elementor-section elementor-top-section elementor-element elementor-element-ec28482 elementor-section-boxed elementor-section-height-default elementor-section-height-default\" data-id=\"ec28482\" data-element_type=\"section\">\n\t\t\t\t\t\t<div class=\"elementor-container elementor-column-gap-wider\">\n\t\t\t\t\t<div class=\"elementor-column elementor-col-50 elementor-top-column elementor-element elementor-element-0295c48\" data-id=\"0295c48\" data-element_type=\"column\">\n\t\t\t<div class=\"elementor-widget-wrap elementor-element-populated\">\n\t\t\t\t\t\t\t\t<div class=\"elementor-element elementor-element-b1e8413 elementor-widget elementor-widget-spacer\" data-id=\"b1e8413\" data-element_type=\"widget\" data-widget_type=\"spacer.default\">\n\t\t\t\t<div class=\"elementor-widget-container\">\n\t\t\t\t\t<div class=\"elementor-spacer\">\n\t\t\t<div class=\"elementor-spacer-inner\"><\/div>\n\t\t<\/div>\n\t\t\t\t<\/div>\n\t\t\t\t<\/div>\n\t\t\t\t<div class=\"elementor-element elementor-element-c3c7cc0 elementor-widget elementor-widget-text-editor\" data-id=\"c3c7cc0\" data-element_type=\"widget\" data-widget_type=\"text-editor.default\">\n\t\t\t\t<div class=\"elementor-widget-container\">\n\t\t\t\t\t\t\t<p><strong><em>NUESTROS OBJETIVOS<\/em><\/strong><\/p>\t\t\t\t\t\t<\/div>\n\t\t\t\t<\/div>\n\t\t\t\t<div class=\"elementor-element elementor-element-7a2d5e1 elementor-widget elementor-widget-text-editor\" data-id=\"7a2d5e1\" data-element_type=\"widget\" data-widget_type=\"text-editor.default\">\n\t\t\t\t<div class=\"elementor-widget-container\">\n\t\t\t\t\t\t\t<p style=\"font-weight: 300;\">Llevar a cabo nuestra labor basados en procedimientos odontol\u00f3gicos integrales, mejorando continuamente la calidad de nuestros servicios y situ\u00e1ndonos un paso al frente de las expectativas de nuestros pacientes, Teniendo altos porcentajes de seguridad en el resultado de los tratamientos. Crear una cultura organizativa que apoye el cumplimiento de nuestros objetivos, enfocados siempre al crecimiento y satisfacci\u00f3n de las necesidades profesionales de nuestros colaboradores.<\/p>\t\t\t\t\t\t<\/div>\n\t\t\t\t<\/div>\n\t\t\t\t\t<\/div>\n\t\t<\/div>\n\t\t\t\t<div class=\"elementor-column elementor-col-50 elementor-top-column elementor-element elementor-element-7226325\" data-id=\"7226325\" data-element_type=\"column\">\n\t\t\t<div class=\"elementor-widget-wrap elementor-element-populated\">\n\t\t\t\t\t\t\t\t<div class=\"elementor-element elementor-element-9d0328a elementor-widget elementor-widget-spacer\" data-id=\"9d0328a\" data-element_type=\"widget\" data-widget_type=\"spacer.default\">\n\t\t\t\t<div class=\"elementor-widget-container\">\n\t\t\t\t\t<div class=\"elementor-spacer\">\n\t\t\t<div class=\"elementor-spacer-inner\"><\/div>\n\t\t<\/div>\n\t\t\t\t<\/div>\n\t\t\t\t<\/div>\n\t\t\t\t<div class=\"elementor-element elementor-element-5b1eaf6 elementor-widget elementor-widget-image\" data-id=\"5b1eaf6\" data-element_type=\"widget\" data-widget_type=\"image.default\">\n\t\t\t\t<div class=\"elementor-widget-container\">\n\t\t\t\t\t\t\t\t\t\t\t\t\t\t\t<img width=\"800\" height=\"550\" src=\"https:\/\/lubadent.com\/wp-content\/uploads\/2022\/02\/quienes-somos-13-1024x704.png\" class=\"attachment-large size-large\" alt=\"\" loading=\"lazy\" srcset=\"https:\/\/lubadent.com\/wp-content\/uploads\/2022\/02\/quienes-somos-13-1024x704.png 1024w, https:\/\/lubadent.com\/wp-content\/uploads\/2022\/02\/quienes-somos-13-300x206.png 300w, https:\/\/lubadent.com\/wp-content\/uploads\/2022\/02\/quienes-somos-13-768x528.png 768w, https:\/\/lubadent.com\/wp-content\/uploads\/2022\/02\/quienes-somos-13.png 1137w\" sizes=\"(max-width: 800px) 100vw, 800px\" \/>\t\t\t\t\t\t\t\t\t\t\t\t\t\t\t<\/div>\n\t\t\t\t<\/div>\n\t\t\t\t\t<\/div>\n\t\t<\/div>\n\t\t\t\t\t\t\t<\/div>\n\t\t<\/section>\n\t\t\t\t<section class=\"elementor-section elementor-top-section elementor-element elementor-element-84a58b9 elementor-section-boxed elementor-section-height-default elementor-section-height-default\" data-id=\"84a58b9\" data-element_type=\"section\">\n\t\t\t\t\t\t<div class=\"elementor-container elementor-column-gap-default\">\n\t\t\t\t\t<div class=\"elementor-column elementor-col-100 elementor-top-column elementor-element elementor-element-acabf42\" data-id=\"acabf42\" data-element_type=\"column\">\n\t\t\t<div class=\"elementor-widget-wrap elementor-element-populated\">\n\t\t\t\t\t\t\t\t<div class=\"elementor-element elementor-element-8467afb elementor-widget elementor-widget-spacer\" data-id=\"8467afb\" data-element_type=\"widget\" data-widget_type=\"spacer.default\">\n\t\t\t\t<div class=\"elementor-widget-container\">\n\t\t\t\t\t<div class=\"elementor-spacer\">\n\t\t\t<div class=\"elementor-spacer-inner\"><\/div>\n\t\t<\/div>\n\t\t\t\t<\/div>\n\t\t\t\t<\/div>\n\t\t\t\t<div class=\"elementor-element elementor-element-2317a22 elementor-widget elementor-widget-text-editor\" data-id=\"2317a22\" data-element_type=\"widget\" data-widget_type=\"text-editor.default\">\n\t\t\t\t<div class=\"elementor-widget-container\">\n\t\t\t\t\t\t\t<p><strong><em>NUESTRA VISI\u00d3N<\/em><\/strong><\/p>\t\t\t\t\t\t<\/div>\n\t\t\t\t<\/div>\n\t\t\t\t<div class=\"elementor-element elementor-element-7af412d elementor-widget elementor-widget-text-editor\" data-id=\"7af412d\" data-element_type=\"widget\" data-widget_type=\"text-editor.default\">\n\t\t\t\t<div class=\"elementor-widget-container\">\n\t\t\t\t\t\t\t<p>Posicionarnos como un Centro Odontol\u00f3gico integral de excelencia, que permita mejorar los niveles de salud bucal de nuestra sociedad, brindando una alternativa econ\u00f3mica, al alcance de todos, destac\u00e1ndonos por una atenci\u00f3n de calidad, con enfoque est\u00e9tico, responsabilidad, respeto, \u00e9tica profesional y transparencia, generando una relaci\u00f3n odont\u00f3logo-paciente de confianza.<\/p>\t\t\t\t\t\t<\/div>\n\t\t\t\t<\/div>\n\t\t\t\t<div class=\"elementor-element elementor-element-2378bfd elementor-widget elementor-widget-spacer\" data-id=\"2378bfd\" data-element_type=\"widget\" data-widget_type=\"spacer.default\">\n\t\t\t\t<div class=\"elementor-widget-container\">\n\t\t\t\t\t<div class=\"elementor-spacer\">\n\t\t\t<div class=\"elementor-spacer-inner\"><\/div>\n\t\t<\/div>\n\t\t\t\t<\/div>\n\t\t\t\t<\/div>\n\t\t\t\t\t<\/div>\n\t\t<\/div>\n\t\t\t\t\t\t\t<\/div>\n\t\t<\/section>\n\t\t\t\t\t\t<\/div>\n\t\t\t\t\t<\/div>\n\t\t","protected":false},"excerpt":{"rendered":"<p>QUIENES SOMOS ? LUBA DENTO SMILE, es un Centro de Especialidades Odontol\u00f3gicas, en donde estamos seguros que el mejor tratamiento que se puede ofrecer, conjuga con s\u00f3lidos conocimientos, sentido de la est\u00e9tica y calidez humana. Siendo nuestro compromiso hacer sonre\u00edr a todos nuestros pacientes. Para ello contamos con un equipo de especialistas con s\u00f3lida formaci\u00f3n [&hellip;]<\/p>\n","protected":false},"author":1,"featured_media":0,"parent":0,"menu_order":0,"comment_status":"closed","ping_status":"closed","template":"elementor_header_footer","meta":[],"_links":{"self":[{"href":"https:\/\/lubadent.com\/index.php\/wp-json\/wp\/v2\/pages\/236"}],"collection":[{"href":"https:\/\/lubadent.com\/index.php\/wp-json\/wp\/v2\/pages"}],"about":[{"href":"https:\/\/lubadent.com\/index.php\/wp-json\/wp\/v2\/types\/page"}],"author":[{"embeddable":true,"href":"https:\/\/lubadent.com\/index.php\/wp-json\/wp\/v2\/users\/1"}],"replies":[{"embeddable":true,"href":"https:\/\/lubadent.com\/index.php\/wp-json\/wp\/v2\/comments?post=236"}],"version-history":[{"count":10,"href":"https:\/\/lubadent.com\/index.php\/wp-json\/wp\/v2\/pages\/236\/revisions"}],"predecessor-version":[{"id":452,"href":"https:\/\/lubadent.com\/index.php\/wp-json\/wp\/v2\/pages\/236\/revisions\/452"}],"wp:attachment":[{"href":"https:\/\/lubadent.com\/index.php\/wp-json\/wp\/v2\/media?parent=236"}],"curies":[{"name":"wp","href":"https:\/\/api.w.org\/{rel}","templated":true}]}}