{"id":238,"date":"2022-02-23T07:33:16","date_gmt":"2022-02-23T07:33:16","guid":{"rendered":"http:\/\/lubadent.com\/?page_id=238"},"modified":"2022-02-23T08:09:06","modified_gmt":"2022-02-23T08:09:06","slug":"filosofia","status":"publish","type":"page","link":"https:\/\/lubadent.com\/index.php\/filosofia\/","title":{"rendered":"Filosof\u00eda"},"content":{"rendered":"\t\t<div data-elementor-type=\"wp-page\" data-elementor-id=\"238\" class=\"elementor elementor-238\" data-elementor-settings=\"[]\">\n\t\t\t\t\t\t\t<div class=\"elementor-section-wrap\">\n\t\t\t\t\t\t\t<section class=\"elementor-section elementor-top-section elementor-element elementor-element-e10e8fc elementor-section-full_width elementor-section-height-default elementor-section-height-default\" data-id=\"e10e8fc\" data-element_type=\"section\">\n\t\t\t\t\t\t<div class=\"elementor-container elementor-column-gap-no\">\n\t\t\t\t\t<div class=\"elementor-column elementor-col-100 elementor-top-column elementor-element elementor-element-54f00ff\" data-id=\"54f00ff\" data-element_type=\"column\">\n\t\t\t<div class=\"elementor-widget-wrap elementor-element-populated\">\n\t\t\t\t\t\t\t\t<div class=\"elementor-element elementor-element-c8f6c2d elementor-widget elementor-widget-image\" data-id=\"c8f6c2d\" data-element_type=\"widget\" data-widget_type=\"image.default\">\n\t\t\t\t<div class=\"elementor-widget-container\">\n\t\t\t<style>\/*! elementor - v3.5.5 - 03-02-2022 *\/\n.elementor-widget-image{text-align:center}.elementor-widget-image a{display:inline-block}.elementor-widget-image a img[src$=\".svg\"]{width:48px}.elementor-widget-image img{vertical-align:middle;display:inline-block}<\/style>\t\t\t\t\t\t\t\t\t\t\t\t<img width=\"2560\" height=\"1332\" src=\"https:\/\/lubadent.com\/wp-content\/uploads\/2022\/02\/banners-04-scaled.jpg\" class=\"attachment-full size-full\" alt=\"\" loading=\"lazy\" srcset=\"https:\/\/lubadent.com\/wp-content\/uploads\/2022\/02\/banners-04-scaled.jpg 2560w, https:\/\/lubadent.com\/wp-content\/uploads\/2022\/02\/banners-04-300x156.jpg 300w, https:\/\/lubadent.com\/wp-content\/uploads\/2022\/02\/banners-04-1024x533.jpg 1024w, https:\/\/lubadent.com\/wp-content\/uploads\/2022\/02\/banners-04-768x399.jpg 768w, https:\/\/lubadent.com\/wp-content\/uploads\/2022\/02\/banners-04-1536x799.jpg 1536w, https:\/\/lubadent.com\/wp-content\/uploads\/2022\/02\/banners-04-2048x1065.jpg 2048w\" sizes=\"(max-width: 2560px) 100vw, 2560px\" \/>\t\t\t\t\t\t\t\t\t\t\t\t\t\t\t<\/div>\n\t\t\t\t<\/div>\n\t\t\t\t\t<\/div>\n\t\t<\/div>\n\t\t\t\t\t\t\t<\/div>\n\t\t<\/section>\n\t\t\t\t<section class=\"elementor-section elementor-top-section elementor-element elementor-element-7447523 elementor-section-boxed elementor-section-height-default elementor-section-height-default\" data-id=\"7447523\" data-element_type=\"section\">\n\t\t\t\t\t\t<div class=\"elementor-container elementor-column-gap-default\">\n\t\t\t\t\t<div class=\"elementor-column elementor-col-100 elementor-top-column elementor-element elementor-element-ec5bac3\" data-id=\"ec5bac3\" data-element_type=\"column\">\n\t\t\t<div class=\"elementor-widget-wrap elementor-element-populated\">\n\t\t\t\t\t\t\t\t<div class=\"elementor-element elementor-element-9b1c7fd elementor-widget elementor-widget-spacer\" data-id=\"9b1c7fd\" data-element_type=\"widget\" data-widget_type=\"spacer.default\">\n\t\t\t\t<div class=\"elementor-widget-container\">\n\t\t\t\t\t<div class=\"elementor-spacer\">\n\t\t\t<div class=\"elementor-spacer-inner\"><\/div>\n\t\t<\/div>\n\t\t\t\t<\/div>\n\t\t\t\t<\/div>\n\t\t\t\t\t<\/div>\n\t\t<\/div>\n\t\t\t\t\t\t\t<\/div>\n\t\t<\/section>\n\t\t\t\t<section class=\"elementor-section elementor-top-section elementor-element elementor-element-41dc166 elementor-section-boxed elementor-section-height-default elementor-section-height-default\" data-id=\"41dc166\" data-element_type=\"section\">\n\t\t\t\t\t\t<div class=\"elementor-container elementor-column-gap-wider\">\n\t\t\t\t\t<div class=\"elementor-column elementor-col-33 elementor-top-column elementor-element elementor-element-5f73bf0\" data-id=\"5f73bf0\" data-element_type=\"column\">\n\t\t\t<div class=\"elementor-widget-wrap elementor-element-populated\">\n\t\t\t\t\t\t\t\t<div class=\"elementor-element elementor-element-e046d59 elementor-widget elementor-widget-text-editor\" data-id=\"e046d59\" data-element_type=\"widget\" data-widget_type=\"text-editor.default\">\n\t\t\t\t<div class=\"elementor-widget-container\">\n\t\t\t<style>\/*! elementor - v3.5.5 - 03-02-2022 *\/\n.elementor-widget-text-editor.elementor-drop-cap-view-stacked .elementor-drop-cap{background-color:#818a91;color:#fff}.elementor-widget-text-editor.elementor-drop-cap-view-framed .elementor-drop-cap{color:#818a91;border:3px solid;background-color:transparent}.elementor-widget-text-editor:not(.elementor-drop-cap-view-default) .elementor-drop-cap{margin-top:8px}.elementor-widget-text-editor:not(.elementor-drop-cap-view-default) .elementor-drop-cap-letter{width:1em;height:1em}.elementor-widget-text-editor .elementor-drop-cap{float:left;text-align:center;line-height:1;font-size:50px}.elementor-widget-text-editor .elementor-drop-cap-letter{display:inline-block}<\/style>\t\t\t\t<p><strong><em>COMPROMISO DE CALIDAD<\/em><\/strong><\/p>\t\t\t\t\t\t<\/div>\n\t\t\t\t<\/div>\n\t\t\t\t<div class=\"elementor-element elementor-element-862c395 elementor-widget elementor-widget-spacer\" data-id=\"862c395\" data-element_type=\"widget\" data-widget_type=\"spacer.default\">\n\t\t\t\t<div class=\"elementor-widget-container\">\n\t\t\t\t\t<div class=\"elementor-spacer\">\n\t\t\t<div class=\"elementor-spacer-inner\"><\/div>\n\t\t<\/div>\n\t\t\t\t<\/div>\n\t\t\t\t<\/div>\n\t\t\t\t<div class=\"elementor-element elementor-element-a3f08a6 elementor-widget elementor-widget-text-editor\" data-id=\"a3f08a6\" data-element_type=\"widget\" data-widget_type=\"text-editor.default\">\n\t\t\t\t<div class=\"elementor-widget-container\">\n\t\t\t\t\t\t\t<p>El futuro de Luba Dento Smile\u00a0 estar\u00e1 determinado por la calidad\u00a0de nuestra respuesta a las necesidades del paciente, as\u00ed como por la implicaci\u00f3n de nuestros profesionales.<\/p><p>Nuestra base del \u00e9xito reside en nuestra planta profesional, a quienes entregamos en todo momento un entorno de trabajo\u00a0seguro, saludable y que facilite su motivaci\u00f3n, competencia y orgullo de pertenencia.<\/p><p>Actuar bajo el precepto fundamental de respeto y cumplimiento de la normativa y requisitos\u00a0legales que nos afecten.<\/p>\t\t\t\t\t\t<\/div>\n\t\t\t\t<\/div>\n\t\t\t\t\t<\/div>\n\t\t<\/div>\n\t\t\t\t<div class=\"elementor-column elementor-col-33 elementor-top-column elementor-element elementor-element-52f92e9\" data-id=\"52f92e9\" data-element_type=\"column\">\n\t\t\t<div class=\"elementor-widget-wrap elementor-element-populated\">\n\t\t\t\t\t\t\t\t<div class=\"elementor-element elementor-element-e08dfc1 elementor-widget elementor-widget-text-editor\" data-id=\"e08dfc1\" data-element_type=\"widget\" data-widget_type=\"text-editor.default\">\n\t\t\t\t<div class=\"elementor-widget-container\">\n\t\t\t\t\t\t\t<p><strong><em>VALORES OPERATIVOS<\/em><\/strong><\/p>\t\t\t\t\t\t<\/div>\n\t\t\t\t<\/div>\n\t\t\t\t<div class=\"elementor-element elementor-element-0e3bbf8 elementor-widget elementor-widget-spacer\" data-id=\"0e3bbf8\" data-element_type=\"widget\" data-widget_type=\"spacer.default\">\n\t\t\t\t<div class=\"elementor-widget-container\">\n\t\t\t\t\t<div class=\"elementor-spacer\">\n\t\t\t<div class=\"elementor-spacer-inner\"><\/div>\n\t\t<\/div>\n\t\t\t\t<\/div>\n\t\t\t\t<\/div>\n\t\t\t\t<div class=\"elementor-element elementor-element-45113b9 elementor-widget elementor-widget-text-editor\" data-id=\"45113b9\" data-element_type=\"widget\" data-widget_type=\"text-editor.default\">\n\t\t\t\t<div class=\"elementor-widget-container\">\n\t\t\t\t\t\t\t<p>La honestidad con nuestros pacientes y la satisfacci\u00f3n del trabajo bien realizado, ser\u00e1n los principales vendedores de nuestra imagen.<\/p><p>El trabajo en equipo, con implicaci\u00f3n y colaboraci\u00f3n coordinada de todos los miembros de nuestro centro odontol\u00f3gico, son valores que apuntalan nuestra\u00a0labor.<\/p><p>El compromiso por la puntualidad, y la oportunidad en la entrega de nuestros servicios, son norma que avala nuestra responsabilidad.\u00a0<\/p><p>El reconocimiento por los logros, la iniciativa, la innovaci\u00f3n y creatividad, son condiciones para alcanzar nuestras metas.<\/p>\t\t\t\t\t\t<\/div>\n\t\t\t\t<\/div>\n\t\t\t\t\t<\/div>\n\t\t<\/div>\n\t\t\t\t<div class=\"elementor-column elementor-col-33 elementor-top-column elementor-element elementor-element-beacd16\" data-id=\"beacd16\" data-element_type=\"column\">\n\t\t\t<div class=\"elementor-widget-wrap elementor-element-populated\">\n\t\t\t\t\t\t\t\t<div class=\"elementor-element elementor-element-0371409 elementor-widget elementor-widget-text-editor\" data-id=\"0371409\" data-element_type=\"widget\" data-widget_type=\"text-editor.default\">\n\t\t\t\t<div class=\"elementor-widget-container\">\n\t\t\t\t\t\t\t<p><strong><em>PRINCIPIOS DE GESTI\u00d3N CL\u00cdNICA<\/em><\/strong><\/p>\t\t\t\t\t\t<\/div>\n\t\t\t\t<\/div>\n\t\t\t\t<div class=\"elementor-element elementor-element-4dc31da elementor-widget elementor-widget-spacer\" data-id=\"4dc31da\" data-element_type=\"widget\" data-widget_type=\"spacer.default\">\n\t\t\t\t<div class=\"elementor-widget-container\">\n\t\t\t\t\t<div class=\"elementor-spacer\">\n\t\t\t<div class=\"elementor-spacer-inner\"><\/div>\n\t\t<\/div>\n\t\t\t\t<\/div>\n\t\t\t\t<\/div>\n\t\t\t\t<div class=\"elementor-element elementor-element-1450397 elementor-widget elementor-widget-text-editor\" data-id=\"1450397\" data-element_type=\"widget\" data-widget_type=\"text-editor.default\">\n\t\t\t\t<div class=\"elementor-widget-container\">\n\t\t\t\t\t\t\t<p>Todas las actuaciones en Luba Dento Smile, se gu\u00edan por el esp\u00edritu conservador de las estructuras estomatol\u00f3gicas\u00a0del paciente y de la realizaci\u00f3n de una intervenci\u00f3n m\u00ednima, poniendo al paciente por delante del cliente.<\/p>\t\t\t\t\t\t<\/div>\n\t\t\t\t<\/div>\n\t\t\t\t\t<\/div>\n\t\t<\/div>\n\t\t\t\t\t\t\t<\/div>\n\t\t<\/section>\n\t\t\t\t\t\t<\/div>\n\t\t\t\t\t<\/div>\n\t\t","protected":false},"excerpt":{"rendered":"<p>COMPROMISO DE CALIDAD El futuro de Luba Dento Smile\u00a0 estar\u00e1 determinado por la calidad\u00a0de nuestra respuesta a las necesidades del paciente, as\u00ed como por la implicaci\u00f3n de nuestros profesionales. Nuestra base del \u00e9xito reside en nuestra planta profesional, a quienes entregamos en todo momento un entorno de trabajo\u00a0seguro, saludable y que facilite su motivaci\u00f3n, competencia [&hellip;]<\/p>\n","protected":false},"author":1,"featured_media":0,"parent":0,"menu_order":0,"comment_status":"closed","ping_status":"closed","template":"","meta":[],"_links":{"self":[{"href":"https:\/\/lubadent.com\/index.php\/wp-json\/wp\/v2\/pages\/238"}],"collection":[{"href":"https:\/\/lubadent.com\/index.php\/wp-json\/wp\/v2\/pages"}],"about":[{"href":"https:\/\/lubadent.com\/index.php\/wp-json\/wp\/v2\/types\/page"}],"author":[{"embeddable":true,"href":"https:\/\/lubadent.com\/index.php\/wp-json\/wp\/v2\/users\/1"}],"replies":[{"embeddable":true,"href":"https:\/\/lubadent.com\/index.php\/wp-json\/wp\/v2\/comments?post=238"}],"version-history":[{"count":7,"href":"https:\/\/lubadent.com\/index.php\/wp-json\/wp\/v2\/pages\/238\/revisions"}],"predecessor-version":[{"id":283,"href":"https:\/\/lubadent.com\/index.php\/wp-json\/wp\/v2\/pages\/238\/revisions\/283"}],"wp:attachment":[{"href":"https:\/\/lubadent.com\/index.php\/wp-json\/wp\/v2\/media?parent=238"}],"curies":[{"name":"wp","href":"https:\/\/api.w.org\/{rel}","templated":true}]}}