{"id":439,"date":"2022-02-24T04:59:12","date_gmt":"2022-02-24T04:59:12","guid":{"rendered":"http:\/\/lubadent.com\/?page_id=439"},"modified":"2023-03-04T04:10:52","modified_gmt":"2023-03-04T04:10:52","slug":"turismo","status":"publish","type":"page","link":"https:\/\/lubadent.com\/index.php\/turismo\/","title":{"rendered":"Turismo"},"content":{"rendered":"\t\t<div data-elementor-type=\"wp-page\" data-elementor-id=\"439\" class=\"elementor elementor-439\" data-elementor-settings=\"[]\">\n\t\t\t\t\t\t\t<div class=\"elementor-section-wrap\">\n\t\t\t\t\t\t\t<section class=\"elementor-section elementor-top-section elementor-element elementor-element-50219f5 elementor-section-boxed elementor-section-height-default elementor-section-height-default\" data-id=\"50219f5\" data-element_type=\"section\">\n\t\t\t\t\t\t<div class=\"elementor-container elementor-column-gap-default\">\n\t\t\t\t\t<div class=\"elementor-column elementor-col-100 elementor-top-column elementor-element elementor-element-7064aaa\" data-id=\"7064aaa\" data-element_type=\"column\">\n\t\t\t<div class=\"elementor-widget-wrap elementor-element-populated\">\n\t\t\t\t\t\t\t\t<div class=\"elementor-element elementor-element-2d091e2 elementor-widget elementor-widget-spacer\" data-id=\"2d091e2\" data-element_type=\"widget\" data-widget_type=\"spacer.default\">\n\t\t\t\t<div class=\"elementor-widget-container\">\n\t\t\t\t\t<div class=\"elementor-spacer\">\n\t\t\t<div class=\"elementor-spacer-inner\"><\/div>\n\t\t<\/div>\n\t\t\t\t<\/div>\n\t\t\t\t<\/div>\n\t\t\t\t\t<\/div>\n\t\t<\/div>\n\t\t\t\t\t\t\t<\/div>\n\t\t<\/section>\n\t\t\t\t<section class=\"elementor-section elementor-top-section elementor-element elementor-element-b5585c7 elementor-section-boxed elementor-section-height-default elementor-section-height-default\" data-id=\"b5585c7\" data-element_type=\"section\">\n\t\t\t\t\t\t<div class=\"elementor-container elementor-column-gap-wider\">\n\t\t\t\t\t<div class=\"elementor-column elementor-col-50 elementor-top-column elementor-element elementor-element-963b025\" data-id=\"963b025\" data-element_type=\"column\">\n\t\t\t<div class=\"elementor-widget-wrap elementor-element-populated\">\n\t\t\t\t\t\t\t\t<div class=\"elementor-element elementor-element-c8f446e elementor-widget elementor-widget-image\" data-id=\"c8f446e\" data-element_type=\"widget\" data-widget_type=\"image.default\">\n\t\t\t\t<div class=\"elementor-widget-container\">\n\t\t\t<style>\/*! elementor - v3.5.5 - 03-02-2022 *\/\n.elementor-widget-image{text-align:center}.elementor-widget-image a{display:inline-block}.elementor-widget-image a img[src$=\".svg\"]{width:48px}.elementor-widget-image img{vertical-align:middle;display:inline-block}<\/style>\t\t\t\t\t\t\t\t\t\t\t\t<img width=\"600\" height=\"840\" src=\"https:\/\/lubadent.com\/wp-content\/uploads\/2022\/02\/Imagen2.jpg\" class=\"attachment-large size-large\" alt=\"\" loading=\"lazy\" srcset=\"https:\/\/lubadent.com\/wp-content\/uploads\/2022\/02\/Imagen2.jpg 600w, https:\/\/lubadent.com\/wp-content\/uploads\/2022\/02\/Imagen2-214x300.jpg 214w\" sizes=\"(max-width: 600px) 100vw, 600px\" \/>\t\t\t\t\t\t\t\t\t\t\t\t\t\t\t<\/div>\n\t\t\t\t<\/div>\n\t\t\t\t\t<\/div>\n\t\t<\/div>\n\t\t\t\t<div class=\"elementor-column elementor-col-50 elementor-top-column elementor-element elementor-element-a2f2650\" data-id=\"a2f2650\" data-element_type=\"column\">\n\t\t\t<div class=\"elementor-widget-wrap elementor-element-populated\">\n\t\t\t\t\t\t\t\t<div class=\"elementor-element elementor-element-3cf67b0 elementor-widget elementor-widget-text-editor\" data-id=\"3cf67b0\" data-element_type=\"widget\" data-widget_type=\"text-editor.default\">\n\t\t\t\t<div class=\"elementor-widget-container\">\n\t\t\t<style>\/*! elementor - v3.5.5 - 03-02-2022 *\/\n.elementor-widget-text-editor.elementor-drop-cap-view-stacked .elementor-drop-cap{background-color:#818a91;color:#fff}.elementor-widget-text-editor.elementor-drop-cap-view-framed .elementor-drop-cap{color:#818a91;border:3px solid;background-color:transparent}.elementor-widget-text-editor:not(.elementor-drop-cap-view-default) .elementor-drop-cap{margin-top:8px}.elementor-widget-text-editor:not(.elementor-drop-cap-view-default) .elementor-drop-cap-letter{width:1em;height:1em}.elementor-widget-text-editor .elementor-drop-cap{float:left;text-align:center;line-height:1;font-size:50px}.elementor-widget-text-editor .elementor-drop-cap-letter{display:inline-block}<\/style>\t\t\t\t<p><b><i>TURISMO ODONTOL\u00d3GICO<\/i><\/b><\/p>\t\t\t\t\t\t<\/div>\n\t\t\t\t<\/div>\n\t\t\t\t<div class=\"elementor-element elementor-element-2d354ce elementor-widget elementor-widget-text-editor\" data-id=\"2d354ce\" data-element_type=\"widget\" data-widget_type=\"text-editor.default\">\n\t\t\t\t<div class=\"elementor-widget-container\">\n\t\t\t\t\t\t\t<p>En Norteam\u00e9rica o Europa, los servicios odontol\u00f3gicos cuestan una fortuna y habitualmente los seguros cubren muy poco o nada, miles de personas van a otros pa\u00edses para recibir servicios de salud oral de calidad a tarifas a menudo por el 70% m\u00e1s econ\u00f3micas que en su pa\u00eds. Luba Dento Smile ha pensado en las personas que necesitan realizarse un tratamiento odontol\u00f3gico ofreciendo un servicio con profesionales y materiales de primer nivel, contamos con la infraestructura necesaria para realizarlo en forma intensiva, finaliz\u00e1ndolo en periodos de tiempo muy cortos y con la seguridad de que todos los casos tienen soluci\u00f3n. Mientras tu tratamiento se desarrolla, visita Quito la capital Sudamericana con el centro hist\u00f3rico m\u00e1s grande y mejor conservado de Am\u00e9rica, declarado por la Unesco como el primer patrimonio de la humanidad, con mansiones coloniales e iglesias como la impresionante Bas\u00edlica del Voto Nacional, o la iglesia de la Compa\u00f1\u00eda de Jes\u00fas, visitar Quito es un aut\u00e9ntico para\u00edso para los amantes de la arquitectura y el pasado, es una ciudad que cautiva el alma y enamora, una ciudad llena de historia y encanto.<\/p>\t\t\t\t\t\t<\/div>\n\t\t\t\t<\/div>\n\t\t\t\t\t<\/div>\n\t\t<\/div>\n\t\t\t\t\t\t\t<\/div>\n\t\t<\/section>\n\t\t\t\t<section class=\"elementor-section elementor-top-section elementor-element elementor-element-88fdab0 elementor-section-boxed elementor-section-height-default elementor-section-height-default\" data-id=\"88fdab0\" data-element_type=\"section\">\n\t\t\t\t\t\t<div class=\"elementor-container elementor-column-gap-default\">\n\t\t\t\t\t<div class=\"elementor-column elementor-col-100 elementor-top-column elementor-element elementor-element-26e08c9\" data-id=\"26e08c9\" data-element_type=\"column\">\n\t\t\t<div class=\"elementor-widget-wrap elementor-element-populated\">\n\t\t\t\t\t\t\t\t<div class=\"elementor-element elementor-element-d611eef elementor-widget elementor-widget-spacer\" data-id=\"d611eef\" data-element_type=\"widget\" data-widget_type=\"spacer.default\">\n\t\t\t\t<div class=\"elementor-widget-container\">\n\t\t\t\t\t<div class=\"elementor-spacer\">\n\t\t\t<div class=\"elementor-spacer-inner\"><\/div>\n\t\t<\/div>\n\t\t\t\t<\/div>\n\t\t\t\t<\/div>\n\t\t\t\t\t<\/div>\n\t\t<\/div>\n\t\t\t\t\t\t\t<\/div>\n\t\t<\/section>\n\t\t\t\t<section class=\"elementor-section elementor-top-section elementor-element elementor-element-92be205 elementor-section-boxed elementor-section-height-default elementor-section-height-default\" data-id=\"92be205\" data-element_type=\"section\">\n\t\t\t\t\t\t<div class=\"elementor-container elementor-column-gap-wider\">\n\t\t\t\t\t<div class=\"elementor-column elementor-col-33 elementor-top-column elementor-element elementor-element-683a0bb\" data-id=\"683a0bb\" data-element_type=\"column\">\n\t\t\t<div class=\"elementor-widget-wrap elementor-element-populated\">\n\t\t\t\t\t\t\t\t<div class=\"elementor-element elementor-element-2cb0952 elementor-widget elementor-widget-text-editor\" data-id=\"2cb0952\" data-element_type=\"widget\" data-widget_type=\"text-editor.default\">\n\t\t\t\t<div class=\"elementor-widget-container\">\n\t\t\t\t\t\t\t<p><strong>Seguridad para el turista<\/strong><\/p>\t\t\t\t\t\t<\/div>\n\t\t\t\t<\/div>\n\t\t\t\t<div class=\"elementor-element elementor-element-aa14036 elementor-widget elementor-widget-text-editor\" data-id=\"aa14036\" data-element_type=\"widget\" data-widget_type=\"text-editor.default\">\n\t\t\t\t<div class=\"elementor-widget-container\">\n\t\t\t\t\t\t\t<p>Quito es una segura, tanto el Ministerio de Turismo como el Municipio de Quito han unido fuerzas para convertir a Quito en una metr\u00f3poli tur\u00edstica. Existe gran cantidad de polic\u00edas y agentes metropolitanos alrededor de la ciudad y es seguro deambular por la misma. Si es tu primera vez viajando a Am\u00e9rica Latina, es muy probable que necesites acostumbrarte al estilo de vida de los quite\u00f1os. La verdad es que estar\u00e1s seguro, pues siempre estar\u00e1s acompa\u00f1ado por una persona de Luba Dento Smile.<\/p>\t\t\t\t\t\t<\/div>\n\t\t\t\t<\/div>\n\t\t\t\t\t<\/div>\n\t\t<\/div>\n\t\t\t\t<div class=\"elementor-column elementor-col-33 elementor-top-column elementor-element elementor-element-0e11a7e\" data-id=\"0e11a7e\" data-element_type=\"column\">\n\t\t\t<div class=\"elementor-widget-wrap elementor-element-populated\">\n\t\t\t\t\t\t\t\t<div class=\"elementor-element elementor-element-078da23 elementor-widget elementor-widget-text-editor\" data-id=\"078da23\" data-element_type=\"widget\" data-widget_type=\"text-editor.default\">\n\t\t\t\t<div class=\"elementor-widget-container\">\n\t\t\t\t\t\t\t<p><strong>Garant\u00eda de trabajo<\/strong><\/p>\t\t\t\t\t\t<\/div>\n\t\t\t\t<\/div>\n\t\t\t\t<div class=\"elementor-element elementor-element-fb14de9 elementor-widget elementor-widget-text-editor\" data-id=\"fb14de9\" data-element_type=\"widget\" data-widget_type=\"text-editor.default\">\n\t\t\t\t<div class=\"elementor-widget-container\">\n\t\t\t\t\t\t\t<p>En conocimiento de que nuestros pacientes extranjeros posiblemente no regresar\u00e1n, nos preocupamos y esmeramos por hacer el mejor trabajo posible, usando las mejores t\u00e9cnicas y ocupando los mejores materiales, lo cual garantiza nuestro trabajo, pero si a pesar de eso algo llegara a salir mal, con mucho gusto y con toda la amabilidad lo recibiremos en nuestras instalaciones y daremos soluci\u00f3n a su problema, sin ning\u00fan costo adicional para el paciente.<\/p>\t\t\t\t\t\t<\/div>\n\t\t\t\t<\/div>\n\t\t\t\t\t<\/div>\n\t\t<\/div>\n\t\t\t\t<div class=\"elementor-column elementor-col-33 elementor-top-column elementor-element elementor-element-986ff5f\" data-id=\"986ff5f\" data-element_type=\"column\">\n\t\t\t<div class=\"elementor-widget-wrap elementor-element-populated\">\n\t\t\t\t\t\t\t\t<div class=\"elementor-element elementor-element-541d53c elementor-widget elementor-widget-text-editor\" data-id=\"541d53c\" data-element_type=\"widget\" data-widget_type=\"text-editor.default\">\n\t\t\t\t<div class=\"elementor-widget-container\">\n\t\t\t\t\t\t\t<p><strong>Cu\u00e1l es el proceso a seguir:<\/strong><\/p>\t\t\t\t\t\t<\/div>\n\t\t\t\t<\/div>\n\t\t\t\t<div class=\"elementor-element elementor-element-b93d55d elementor-widget elementor-widget-text-editor\" data-id=\"b93d55d\" data-element_type=\"widget\" data-widget_type=\"text-editor.default\">\n\t\t\t\t<div class=\"elementor-widget-container\">\n\t\t\t\t\t\t\t<p>\u2022 Comun\u00edquese con nosotros con el fin de comprender mejor su situaci\u00f3n y nuestros servicios, v\u00eda correo electr\u00f3nico, turismo@lubadent.com o a nuestro WhatsApp +593995185753.<br \/>\u2022 Recibimos una radiograf\u00eda panor\u00e1mica de su situaci\u00f3n dental.<br \/>\u2022 Le enviamos un estimado de los costos de su tratamiento oral.<br \/>\u2022 No se solicita ning\u00fan dep\u00f3sito por adelantado.<br \/>\u2022 Coordinaci\u00f3n de su paquete tur\u00edstico que incluye siempre nuestro acompa\u00f1amiento.<br \/>\u2022 Env\u00edo del plan de tratamiento con fechas programadas y coordinadas con el paquete tur\u00edstico.<br \/>\u2022 Recepci\u00f3n en el aeropuerto Mariscal Sucre de Quito.<\/p>\t\t\t\t\t\t<\/div>\n\t\t\t\t<\/div>\n\t\t\t\t\t<\/div>\n\t\t<\/div>\n\t\t\t\t\t\t\t<\/div>\n\t\t<\/section>\n\t\t\t\t<section class=\"elementor-section elementor-top-section elementor-element elementor-element-d252660 elementor-section-boxed elementor-section-height-default elementor-section-height-default\" data-id=\"d252660\" data-element_type=\"section\">\n\t\t\t\t\t\t<div class=\"elementor-container elementor-column-gap-default\">\n\t\t\t\t\t<div class=\"elementor-column elementor-col-100 elementor-top-column elementor-element elementor-element-37a0b1f\" data-id=\"37a0b1f\" data-element_type=\"column\">\n\t\t\t<div class=\"elementor-widget-wrap elementor-element-populated\">\n\t\t\t\t\t\t\t\t<div class=\"elementor-element elementor-element-9a1550f elementor-widget elementor-widget-spacer\" data-id=\"9a1550f\" data-element_type=\"widget\" data-widget_type=\"spacer.default\">\n\t\t\t\t<div class=\"elementor-widget-container\">\n\t\t\t\t\t<div class=\"elementor-spacer\">\n\t\t\t<div class=\"elementor-spacer-inner\"><\/div>\n\t\t<\/div>\n\t\t\t\t<\/div>\n\t\t\t\t<\/div>\n\t\t\t\t\t<\/div>\n\t\t<\/div>\n\t\t\t\t\t\t\t<\/div>\n\t\t<\/section>\n\t\t\t\t<section class=\"elementor-section elementor-top-section elementor-element elementor-element-9ca488e elementor-section-boxed elementor-section-height-default elementor-section-height-default\" data-id=\"9ca488e\" data-element_type=\"section\">\n\t\t\t\t\t\t<div class=\"elementor-container elementor-column-gap-default\">\n\t\t\t\t\t<div class=\"elementor-column elementor-col-100 elementor-top-column elementor-element elementor-element-31611b4\" data-id=\"31611b4\" data-element_type=\"column\">\n\t\t\t<div class=\"elementor-widget-wrap elementor-element-populated\">\n\t\t\t\t\t\t\t\t<div class=\"elementor-element elementor-element-0691895 elementor-widget elementor-widget-text-editor\" data-id=\"0691895\" data-element_type=\"widget\" data-widget_type=\"text-editor.default\">\n\t\t\t\t<div class=\"elementor-widget-container\">\n\t\t\t\t\t\t\t<p><strong>Nuestros paquetes tur\u00edsticos incluyen:<\/strong><\/p>\t\t\t\t\t\t<\/div>\n\t\t\t\t<\/div>\n\t\t\t\t<div class=\"elementor-element elementor-element-e5e3705 elementor-widget elementor-widget-text-editor\" data-id=\"e5e3705\" data-element_type=\"widget\" data-widget_type=\"text-editor.default\">\n\t\t\t\t<div class=\"elementor-widget-container\">\n\t\t\t\t\t\t\t<p>Cena de bienvenida con vista panor\u00e1mica de Quito<br \/>Paseo por el centro hist\u00f3rico de Quito<br \/>Visita a la ciudad del cuero, Cotacachi a 115 km de Quito.<br \/>Vista a las iglesias y museos de Quito.<br \/>Visita la ruta de los lagos (San Pablo y Cuicocha) a 100 km<br \/>Visita a la ciudad mitad del mundo, caminata en hemisferio norte y sur<br \/>Nota: el paquete no incluye: alimentaci\u00f3n y medicinas.<\/p>\t\t\t\t\t\t<\/div>\n\t\t\t\t<\/div>\n\t\t\t\t\t<\/div>\n\t\t<\/div>\n\t\t\t\t\t\t\t<\/div>\n\t\t<\/section>\n\t\t\t\t<section class=\"elementor-section elementor-top-section elementor-element elementor-element-a650354 elementor-section-boxed elementor-section-height-default elementor-section-height-default\" data-id=\"a650354\" data-element_type=\"section\">\n\t\t\t\t\t\t<div class=\"elementor-container elementor-column-gap-default\">\n\t\t\t\t\t<div class=\"elementor-column elementor-col-100 elementor-top-column elementor-element elementor-element-989b5ae\" data-id=\"989b5ae\" data-element_type=\"column\">\n\t\t\t<div class=\"elementor-widget-wrap elementor-element-populated\">\n\t\t\t\t\t\t\t\t<div class=\"elementor-element elementor-element-f423d19 elementor-widget elementor-widget-spacer\" data-id=\"f423d19\" data-element_type=\"widget\" data-widget_type=\"spacer.default\">\n\t\t\t\t<div class=\"elementor-widget-container\">\n\t\t\t\t\t<div class=\"elementor-spacer\">\n\t\t\t<div class=\"elementor-spacer-inner\"><\/div>\n\t\t<\/div>\n\t\t\t\t<\/div>\n\t\t\t\t<\/div>\n\t\t\t\t\t<\/div>\n\t\t<\/div>\n\t\t\t\t\t\t\t<\/div>\n\t\t<\/section>\n\t\t\t\t\t\t<\/div>\n\t\t\t\t\t<\/div>\n\t\t","protected":false},"excerpt":{"rendered":"<p>TURISMO ODONTOL\u00d3GICO En Norteam\u00e9rica o Europa, los servicios odontol\u00f3gicos cuestan una fortuna y habitualmente los seguros cubren muy poco o nada, miles de personas van a otros pa\u00edses para recibir servicios de salud oral de calidad a tarifas a menudo por el 70% m\u00e1s econ\u00f3micas que en su pa\u00eds. Luba Dento Smile ha pensado en [&hellip;]<\/p>\n","protected":false},"author":1,"featured_media":0,"parent":0,"menu_order":0,"comment_status":"closed","ping_status":"closed","template":"","meta":[],"_links":{"self":[{"href":"https:\/\/lubadent.com\/index.php\/wp-json\/wp\/v2\/pages\/439"}],"collection":[{"href":"https:\/\/lubadent.com\/index.php\/wp-json\/wp\/v2\/pages"}],"about":[{"href":"https:\/\/lubadent.com\/index.php\/wp-json\/wp\/v2\/types\/page"}],"author":[{"embeddable":true,"href":"https:\/\/lubadent.com\/index.php\/wp-json\/wp\/v2\/users\/1"}],"replies":[{"embeddable":true,"href":"https:\/\/lubadent.com\/index.php\/wp-json\/wp\/v2\/comments?post=439"}],"version-history":[{"count":22,"href":"https:\/\/lubadent.com\/index.php\/wp-json\/wp\/v2\/pages\/439\/revisions"}],"predecessor-version":[{"id":595,"href":"https:\/\/lubadent.com\/index.php\/wp-json\/wp\/v2\/pages\/439\/revisions\/595"}],"wp:attachment":[{"href":"https:\/\/lubadent.com\/index.php\/wp-json\/wp\/v2\/media?parent=439"}],"curies":[{"name":"wp","href":"https:\/\/api.w.org\/{rel}","templated":true}]}}